{"id":525,"date":"2019-03-01T18:12:06","date_gmt":"2019-03-01T18:12:06","guid":{"rendered":"http:\/\/landschaftsbau-schebitz.de\/?page_id=525"},"modified":"2019-03-01T18:26:13","modified_gmt":"2019-03-01T18:26:13","slug":"datenschutzerklaerung","status":"publish","type":"page","link":"https:\/\/landschaftsbau-schebitz.de\/?page_id=525","title":{"rendered":"Datenschutzerkl\u00e4rung"},"content":{"rendered":"<p>Diese Datenschutzerkl\u00e4rung regelt die Erhebung, Verarbeitung und Speicherung von Daten, die bei der Nutzung unserer Webseite anfallen. Wir beachten im Umgang mit den erhobenen Daten die g\u00fcltigen gesetzlichen Regelungen der Bundesrepublik Deutschland und der Europ\u00e4ischen Datenschutzgrundverordnung (DSGVO) sowie die nachfolgenden Verpflichtungen.<\/p>\n<p><strong>1.Datenschutz auf einen Blick<\/strong><\/p>\n<p><strong>Allgemeine Hinweise zur Datenerfassung auf dieser Website<\/strong><\/p>\n<p>Die folgenden Hinweise geben einen einfachen \u00dcberblick dar\u00fcber, welche personenbezogenen Daten erhoben werden und was mit diesen passiert, wenn Sie unsere Website besuchen. Personenbezogene Daten sind alle Daten, mit denen Sie pers\u00f6nlich identifiziert werden k\u00f6nnen (z.B. Name, Adresse, E-Mail-Adressen, Nutzerverhalten und IP-Adresse).<\/p>\n<p>Ausf\u00fchrliche Informationen zum Thema Datenschutz sowie weitere Details k\u00f6nnen Sie den folgenden Texten entnehmen.<\/p>\n<p><strong>Wer ist verantwortlich f\u00fcr die Datenerfassung auf dieser Website?<\/strong><\/p>\n<p>Die Datenverarbeitung auf dieser Website erfolgt durch den Websitebetreiber. Dessen Kontaktdaten k\u00f6nnen Sie dieser Datenschutzerkl\u00e4rung unter Punkt 2.1 entnehmen.<\/p>\n<p><strong>Wie erfassen wir Ihre Daten?<\/strong><\/p>\n<p>Ihre Daten werden zum einen dadurch erhoben, dass Sie uns diese mitteilen. Hierbei kann es sich z.B. um Daten handeln, die Sie in ein Kontaktformular eingeben, uns per E-Mail zusenden oder telefonisch mitteilen.<\/p>\n<p>Andere Daten werden automatisch beim Besuch der Website durch unsere IT-Systeme erfasst. Das sind vor allem technische Daten (z.B. Internetbrowser, Betriebssystem oder Uhrzeit des Seitenaufrufs). Die Erfassung dieser Daten erfolgt automatisch, sobald Sie unsere Website betreten.<\/p>\n<p><strong>Wof\u00fcr nutzen wir Ihre automatisch erhobenen Daten?<\/strong><\/p>\n<p>Diese Daten werden erhoben, um eine fehlerfreie Bereitstellung der Website zu gew\u00e4hr-leisten.<\/p>\n<p><strong>Welche Rechte haben Sie bez\u00fcglich Ihrer Daten?<\/strong><\/p>\n<p>Sie haben jederzeit das Recht, unentgeltlich Auskunft \u00fcber Herkunft, Empf\u00e4nger und Zweck Ihrer gespeicherten personenbezogenen Daten zu erhalten. Sie haben au\u00dferdem ein Recht, die Berichtigung, Sperrung oder L\u00f6schung dieser Daten zu verlangen. Hierzu sowie zu weiteren Fragen zum Thema Datenschutz k\u00f6nnen Sie sich jederzeit unter der im Impressum angegebenen Adresse an uns wenden. Des Weiteren steht Ihnen ein Beschwerderecht bei der zust\u00e4ndigen Aufsichtsbeh\u00f6rde zu.<\/p>\n<p><strong>2. Allgemeine Hinweise, Pflichtinformationen und Ihre Rechte<\/strong><\/p>\n<p>Wir als Betreiber dieser Website nehmen den Schutz Ihrer pers\u00f6nlichen Daten sehr ernst. Wir behandeln Ihre personenbezogenen Daten vertraulich und entsprechend der gesetzlichen Datenschutzvorschriften sowie dieser Datenschutzerkl\u00e4rung.<\/p>\n<p>Wenn Sie diese Website benutzen, werden verschiedene personenbezogene Daten erhoben. Personenbezogene Daten sind Daten, mit denen Sie pers\u00f6nlich identifiziert werden k\u00f6nnen (z.B. Name, Adresse, E-Mail-Adressen, Nutzerverhalten und IP-Adresse). Die vorliegende Datenschutzerkl\u00e4rung erl\u00e4utert, welche Daten wir erheben und wof\u00fcr wir sie nutzen. Sie erl\u00e4utert auch, wie und zu welchem Zweck das geschieht.<\/p>\n<p>Wir weisen darauf hin, dass die Daten\u00fcbertragung im Internet generell (z.B. bei der Kommunikation per E-Mail) Sicherheitsl\u00fccken aufweisen kann.<\/p>\n<p><strong>2.1 Hinweis zur verantwortlichen Stelle<\/strong><\/p>\n<p>Die verantwortliche Stelle f\u00fcr die Datenverarbeitung auf dieser Website ist:<\/p>\n<p><em>Heiko Schebitz<\/em><\/p>\n<p><em>Landschaftsbau Schebitz GmbH<\/em><\/p>\n<p><em>08132 M\u00fclsen<\/em><\/p>\n<p><em>Telefon: +49 (0)37601 &#8211; 2766<\/em><br \/>\n<em> E-Mail:&nbsp;<a href=\"mailto:info@landschaftsbau-schebitz.de\">info[at]landschaftsbau-schebitz.de<\/a><\/em><\/p>\n<p>Verantwortliche Stelle ist die nat\u00fcrliche oder juristische Person, die allein oder gemeinsam mit anderen \u00fcber die Zwecke und Mittel der Verarbeitung von personenbezogenen Daten (z.B. Namen, E-Mail-Adressen o. \u00c4.) entscheidet.<\/p>\n<p><strong>2.2 Widerruf Ihrer Einwilligung zur Datenverarbeitung und Widerspruchsrecht gegen die Datenerhebung in besonderen F\u00e4llen sowie gegen Direktwerbung (\u00a725 DSG-EKD)<\/strong><\/p>\n<p><strong>Widerrufsrecht<\/strong><\/p>\n<p>Viele Datenverarbeitungsvorg\u00e4nge sind nur mit Ihrer ausdr\u00fccklichen Einwilligung oder einem berechtigten Interesse gem\u00e4\u00df \u00a76 Pkt. 3, 5 und 6 DSG-EKD m\u00f6glich.<\/p>\n<p>Sie k\u00f6nnen eine bereits erteilte Einwilligung jederzeit widerrufen. Dazu reicht eine formlose Mitteilung per E-Mail an landschaftsbau.schebitz(at)t-online.de. Die Rechtm\u00e4\u00dfigkeit der bis zum Widerruf erfolgten Datenverarbeitung bleibt vom Widerruf unber\u00fchrt.<\/p>\n<p><strong>Widerspruchsrecht gem\u00e4\u00df \u00a725 DSG-EKD<\/strong><\/p>\n<p>M\u00f6chten Sie von Ihrem Widerspruchsrecht Gebrauch machen, gen\u00fcgt eine E-Mail an&nbsp;<a href=\"mailto:info@landschaftsbau-schebitz.de\">info[at]landschaftsbau-schebitz.de<\/a>.<\/p>\n<p><strong>2.3 Beschwerderecht bei der zust\u00e4ndigen Aufsichtsbeh\u00f6rde<\/strong><\/p>\n<p>Im Falle datenschutzrechtlicher Verst\u00f6\u00dfe steht dem Betroffenen ein Beschwerderecht bei der zust\u00e4ndigen Aufsichtsbeh\u00f6rde zu. Zust\u00e4ndige Aufsichtsbeh\u00f6rde in datenschutzrechtlichen Fragen ist der Landesdatenschutzbeauftragte des Bundeslandes, in dem unser Unternehmen seinen Sitz hat. Konkret ist dies f\u00fcr das Bundesland Sachsen:<\/p>\n<p>Der S\u00e4chsische Datenschutzbeauftragte<\/p>\n<p><em>Andreas Schurig<\/em><\/p>\n<p><em>Bernhard-von-Lindenau-Platz 1<\/em><br \/>\n<em> 01067 Dresden<\/em><\/p>\n<p><em>Telefon: 03 51\/49 3-5401<\/em><br \/>\n<em> Telefax: 03 51\/49 3-5490<\/em><\/p>\n<p><em>E-Mail: saechsdsb@slt.sachsen.de<\/em><br \/>\n<em> Homepage: http:\/\/www.datenschutz.sachsen.de<\/em><\/p>\n<p><strong>2.4 Recht auf Daten\u00fcbertragbarkeit<\/strong><\/p>\n<p>Sie haben das Recht, Daten, die wir auf Grundlage Ihrer Einwilligung oder in Erf\u00fcllung eines Vertrags automatisiert verarbeiten, an sich oder an einen Dritten in einem g\u00e4ngigen, maschinenlesbaren Format aush\u00e4ndigen zu lassen. Sofern Sie die direkte \u00dcbertragung der Daten an einen anderen Verantwortlichen verlangen, erfolgt dies nur, soweit es technisch machbar ist.<\/p>\n<p><strong>2.5 SSL- bzw. TLS-Verschl\u00fcsselung<\/strong><\/p>\n<p>Diese Seite nutzt aus Sicherheitsgr\u00fcnden und zum Schutz der \u00dcbertragung vertraulicher Inhalte, wie zum Beispiel Bestellungen oder Anfragen, die Sie an uns als Seitenbetreiber senden, eine SSL-bzw. TLS-Verschl\u00fcsselung. Eine verschl\u00fcsselte Verbindung erkennen Sie daran, dass die Adresszeile des Browsers von \u201chttp:\/\/\u201d auf \u201chttps:\/\/\u201d wechselt und an dem Schloss-Symbol in Ihrer Browserzeile.<\/p>\n<p>Wenn die SSL- bzw. TLS-Verschl\u00fcsselung aktiviert ist, k\u00f6nnen die Daten, die Sie an uns \u00fcbermitteln, nicht von Dritten mitgelesen werden.<\/p>\n<p><strong>2.6 Auskunft, Berichtigung, Sperrung und L\u00f6schung<\/strong><\/p>\n<p>Sie haben im Rahmen der geltenden gesetzlichen Bestimmungen jederzeit das Recht auf unentgeltliche Auskunft \u00fcber Ihre gespeicherten personenbezogenen Daten, deren Herkunft und Empf\u00e4nger und den Zweck der Datenverarbeitung und ggf. ein Recht auf Berichtigung, Sperrung oder L\u00f6schung dieser Daten. Hierzu sowie zu weiteren Fragen zum Thema personenbezogene Daten k\u00f6nnen Sie sich jederzeit unter der oben angegebenen Adresse an uns wenden.<\/p>\n<p><strong>2.7 Recht auf Einschr\u00e4nkung der Verarbeitung<\/strong><\/p>\n<p>Sie haben das Recht, die Einschr\u00e4nkung der Verarbeitung Ihrer personenbezogenen Daten zu verlangen. Hierzu k\u00f6nnen Sie sich jederzeit unter der im Impressum angegebenen Adresse an uns wenden. Das Recht auf Einschr\u00e4nkung der Verarbeitung besteht in folgenden F\u00e4llen:<\/p>\n<ul>\n<li>Wenn Sie die Richtigkeit Ihrer bei uns gespeicherten personenbezogenen Daten bestreiten, ben\u00f6tigen wir in der Regel Zeit, um dies zu \u00fcberpr\u00fcfen. F\u00fcr die Dauer der Pr\u00fcfung haben Sie das Recht, die Einschr\u00e4nkung der Verarbeitung Ihrer personenbezogenen Daten zu verlangen.<\/li>\n<li>Wenn die Verarbeitung Ihrer personenbezogenen Daten unrechtm\u00e4\u00dfig geschah \/ geschieht, k\u00f6nnen Sie statt der L\u00f6schung die Einschr\u00e4nkung der Datenverarbeitung verlangen.<\/li>\n<li>Wenn wir Ihre personenbezogenen Daten nicht mehr ben\u00f6tigen, Sie sie jedoch zur Aus\u00fcbung, Verteidigung oder Geltendmachung von Rechtsanspr\u00fcchen ben\u00f6tigen, haben Sie das Recht, statt der L\u00f6schung die Einschr\u00e4nkung der Verarbeitung Ihrer personenbezogenen Daten zu verlangen.<\/li>\n<li>Wenn Sie einen Widerspruch nach Art. 21 Abs. 1 DSGVO eingelegt haben, muss eine Abw\u00e4gung zwischen Ihren und unseren Interessen vorgenommen werden. Solange noch nicht feststeht, wessen Interessen \u00fcberwiegen, haben Sie das Recht, die Einschr\u00e4nkung der Verarbeitung Ihrer personenbezogenen Daten zu verlangen.<\/li>\n<\/ul>\n<p>Wenn Sie die Verarbeitung Ihrer personenbezogenen Daten eingeschr\u00e4nkt haben, d\u00fcrfen diese Daten \u2013 von ihrer Speicherung abgesehen \u2013 nur mit Ihrer Einwilligung oder zur Geltendmachung, Aus\u00fcbung oder Verteidigung von Rechtsanspr\u00fcchen oder zum Schutz der Rechte einer anderen nat\u00fcrlichen oder juristischen Person oder aus Gr\u00fcnden eines wichtigen \u00f6ffentlichen Interesses der Europ\u00e4ischen Union oder eines Mitgliedstaats verarbeitet werden.<\/p>\n<p><strong>2.8 Weitergabe von Daten im Allgemeinen<\/strong><\/p>\n<p>Eine \u00dcbermittlung Ihrer pers\u00f6nlichen Daten an Dritte zu anderen als den Folgenden auf-gef\u00fchrten Zwecken findet nicht statt.<\/p>\n<p>Wir geben Ihre pers\u00f6nlichen Daten nur weiter, wenn:<\/p>\n<ul>\n<li>Sie Ihre ausdr\u00fcckliche Einwilligung dazu erteilt haben (Art. 6 Abs. 1 lit. a DSGVO),<\/li>\n<li>die Weitergabe nach Art. 6 Abs. 1 lit. f DSGVO zur Geltendmachung, Aus\u00fcbung oder Verteidigung von Rechtsanspr\u00fcchen erforderlich ist und kein Grund zur Annahme besteht, dass Sie ein \u00fcberwiegendes schutzw\u00fcrdiges Interesse an der Nichtweitergabe Ihrer Daten haben,<\/li>\n<li>f\u00fcr den Fall, dass f\u00fcr die Weitergabe nach Art. 6 Abs. 1 lit. c DSGVO eine gesetzliche Verpflichtung besteht, sowie<\/li>\n<li>dies gesetzlich zul\u00e4ssig und nach Art. 6 Abs. 1 lit. b DSGVO f\u00fcr die Abwicklung von Vertragsverh\u00e4ltnissen mit Ihnen erforderlich ist.<\/li>\n<\/ul>\n<p>In F\u00e4llen, bei denen eine Datenverarbeitung gem\u00e4\u00df Art. 6 Abs. 1 DSGVO betrieben wird, wird unser berechtigtes Interesse dargelegt.<\/p>\n<p><strong>2.9 Widerspruch gegen die Nutzung der ver\u00f6ffentlichten Kontaktdaten auf dieser Website<\/strong><\/p>\n<p>Wir weisen Sie darauf hin, dass wir einer Nutzung der, auf diesen Webseiten ver\u00f6ffentlichten, Kontaktdaten f\u00fcr kommerzielle Zwecke vorab widersprechen, sofern wir dem nicht ausdr\u00fccklich zugestimmt haben. Hierzu z\u00e4hlen insbesondere: die Speicherung in Datenverarbeitungssystemen zum Zwecke des Datenhandels sowie die Nutzung f\u00fcr allgemeine Werbezwecke (z.B.: unaufgeforderten Zusendung von Informationsmaterialien und Werbeprospekten per Post oder E-Mail). Der Betreiber dieser Website beh\u00e4lt sich ausdr\u00fccklich rechtliche Schritte im Falle der unverlangten Zusendung von Werbeinformationen, etwa durch Spam-E-Mails, vor.<\/p>\n<p><strong>3. Datenerfassung auf unserer Website<\/strong><\/p>\n<p><strong>3.1 Cookies<\/strong><\/p>\n<p>Internetseiten verwenden teilweise so genannte Cookies. Cookies richten auf Ihrem Rechner keinen Schaden an und enthalten keine Viren. Cookies dienen dazu, unser Angebot nutzerfreundlicher, effektiver und sicherer zu machen. Cookies sind kleine Textdateien, die auf Ihrem Rechner abgelegt werden und die Ihr Browser speichert.<\/p>\n<p>Generell erm\u00f6glichen Cookies, dass Ihr Browser beim n\u00e4chsten Besuch der Website wiedererkannt wird. Sogenannte Session-Cookies werden automatisch gel\u00f6scht, sobald Sie Ihren Browser schlie\u00dfen. Welche Cookies wir zu welchem Zweck nutzen, erfahren Sie im folgenden Text.<\/p>\n<p>Sie k\u00f6nnen Ihren Browser so einstellen, dass Sie \u00fcber das Setzen von Cookies informiert werden und Cookies nur im Einzelfall erlauben, die Annahme von Cookies f\u00fcr bestimmte F\u00e4lle oder generell ausschlie\u00dfen, sowie das automatische L\u00f6schen der Cookies beim Schlie\u00dfen des Browsers aktivieren. Bei der Deaktivierung von Cookies kann die Funktionalit\u00e4t dieser Website eingeschr\u00e4nkt sein.<\/p>\n<p><strong>Folgende Cookies werden von unserer Website gespeichert:<\/strong><\/p>\n<p><strong>Ein Sitzungscookie<\/strong><\/p>\n<p>Dieses Cookie wird erzeugt, wenn Sie diese Website besuchen. Es wird automatisch gel\u00f6scht, sobald Sie nach dem Besuch der Website Ihren Browser schlie\u00dfen.<\/p>\n<p>In diesem Cookie ist die Sitzungs-ID Ihres Browsers auf unserem Webserver gespeichert. Dadurch k\u00f6nnen serverseitig in der Sitzung Daten abgelegt werden, die einen optimalen Betrieb der Website erm\u00f6glichen. Diese Daten sind z.B.<\/p>\n<ul>\n<li>Technische Daten zu Ihrem Browser (z.B. Fehlersuchmodus, Verdacht auf Schadbot)<\/li>\n<li>Daten von Sicherheitsgrafiken (z.B. von Kontaktformularen)<\/li>\n<li>Zuletzt auf der Website ausgef\u00fchrte Befehle (zuf\u00e4llige IDs), um versehentlich doppelte Ausf\u00fchrung zu vermeiden<\/li>\n<li>Daten zu der zuvor besuchten Seite auf dieser Website<\/li>\n<\/ul>\n<p>Das Sitzungscookie beinhaltet grunds\u00e4tzlich keine personenbezogenen Daten.<\/p>\n<p>Eine Ausnahme hiervon ist, wenn diese Website \u00fcber einen internen oder gesch\u00fctzten Bereich verf\u00fcgt, hierf\u00fcr personenbezogene Nutzerkonten angelegt wurden und Sie sich bewusst in diesem Bereich angemeldet haben.<\/p>\n<p><strong>Ein permanentes Cookie<\/strong><\/p>\n<p>Dieses Cookie wird erzeugt, wenn Sie diese Website besuchen. Es verbleibt auf Ihrem Computer f\u00fcr 365 Tage und wird danach automatisch gel\u00f6scht. Nach der L\u00f6schung wird bei einem darauf folgenden Besuch dieser Website dieses Cookie wieder neu erstellt.<\/p>\n<p>In diesem Cookie werden Ihre Besuchs-Pr\u00e4ferenzen und Website-Einstellungen gespeichert. Diese Einstellungen sind z.B.<\/p>\n<ul>\n<li>der Status \u00fcber die Kenntnisnahme des allgemeinen Cookie-Hinweises (sofern vorhanden),<\/li>\n<li>die ausgew\u00e4hlte Schriftgr\u00f6\u00dfe (Zoomstufe),<\/li>\n<li><strong>einzelne separat von Ihnen gew\u00e4hlte Datenschutzeinstellungen<\/strong> (Verhindern der Einbindung von z.B. GoogleMaps, Facebook-Plugins, Tracking-Plugins, YouTube-Videos, etc. in diese Website)<\/li>\n<li>ihr Anmeldestatus, sofern diese Website \u00fcber einen internen oder gesch\u00fctzten Bereich verf\u00fcgt.<\/li>\n<\/ul>\n<p>Sollte dieses Cookie gel\u00f6scht werden, werden damit auch Ihre gew\u00e4hlten Datenschutzeinstellungen gel\u00f6scht. Daher m\u00fcssen in diesem Fall die Einstellungen \u00fcber diesen Datenschutzhinweis erneut von Ihnen get\u00e4tigt werden.<\/p>\n<p>Dieses permanente Cookie beinhaltet keine personenbezogenen Daten.<\/p>\n<p><strong>Weitere Cookies<\/strong><\/p>\n<p>Soweit andere Cookies (z.B. Cookies zur Analyse Ihres Surfverhaltens) gespeichert werden, werden diese in dieser Datenschutzerkl\u00e4rung gesondert erw\u00e4hnt.<\/p>\n<p><strong>3.2 &nbsp;Protokollierung von Skriptabst\u00fcrzen und Angriffen auf dieser Website<\/strong><\/p>\n<p>Der Hoster dieser Website erhebt und speichert automatisch Informationen \u00fcber Skriptabst\u00fcrze und Angriffe auf diese Website in einer Datenbank. Diese Daten werden vom Ihrem Browser \u00fcbermittelt. Folgende Daten werden dabei gespeichert:<\/p>\n<ul>\n<li>IP-Adresse<\/li>\n<li>Useragent (Zeichenkette, die Aufschluss \u00fcber den anfragenden Browser und das Betriebssystem gibt)<\/li>\n<li>interne Kategorisierung des Client (Roboter ja oder nein?)<\/li>\n<li>Referrer URL<\/li>\n<li>Request-Ziel inkl. gesendeter Parameter (im System als Passwort gekennzeichnete Felder werden unkenntlich gemacht)<\/li>\n<li>Datum und Uhrzeit der Serveranfrage<\/li>\n<li>Zugriffsmethode auf den Webserver<\/li>\n<li>bei Skriptabst\u00fcrzen noch zus\u00e4tzlich die Skriptumgebung und die betroffene Stelle des Quellcodes<\/li>\n<\/ul>\n<p>Diese Daten werden automatisch nach 7 Tagen gel\u00f6scht.<br \/>\nEine Zusammenf\u00fchrung dieser Daten mit anderen Datenquellen wird nicht vorgenommen.<\/p>\n<p>Der Hoster ist dem Websitebetreiber gegen\u00fcber vertraglich verpflichtet, die Website technisch bereitzustellen. Dazu wird der Hoster im Bedarfsfall dieses Protokoll auswerten, um die Stabilit\u00e4t und Sicherheit der Website weiterhin zu gew\u00e4hrleisten. Eventuelle rechtliche oder technische Ma\u00dfnahmen als Reaktion auf einen Angriff k\u00f6nnen an dieser Stelle nicht ausgeschlossen werden. Weiterhin behalten wir uns eine Meldung des Angriffes an Fr\u00fchwarnsysteme vor. Dar\u00fcber hinaus besteht ein berechtigtes Interesse des Websitebetreibers zur technisch fehlerfreien Bereitstellung seiner Inhalte und Dienste.<\/p>\n<p><strong>3.3 Server-Log-Dateien<\/strong><\/p>\n<p>Der Hoster dieser Website erhebt und speichert automatisch Informationen in so genannten Server-Log-Dateien, die Ihr Browser automatisch an uns \u00fcbermittelt. Dies sind:<\/p>\n<ul>\n<li>Browsertyp und Browserversion<\/li>\n<li>verwendetes Betriebssystem<\/li>\n<li>Referrer URL<\/li>\n<li>Hostname des zugreifenden Rechners<\/li>\n<li>Uhrzeit der Serveranfrage<\/li>\n<li>IP-Adresse<\/li>\n<\/ul>\n<p>Eine Zusammenf\u00fchrung dieser Daten mit anderen Datenquellen wird nicht vorgenommen.<\/p>\n<p>Zweck dieser Datenerhebung ist<\/p>\n<ul>\n<li>zur automatisierten Erstellung von einfachen, anonymen Nutzungsstatistiken der Website durch den Webserver (kein Tracking) und<\/li>\n<li>zur Auswertung von Angriffen auf diese Website, um sich ein Gesamtbild von parallel laufenden techn. Anfragen zu verschaffen (Auswertung findet nur im Bedarfsfall statt).<\/li>\n<\/ul>\n<p>Diese Log-Dateien werden f\u00fcr 30 Tage gespeichert und danach automatisch gel\u00f6scht.<\/p>\n<p>Grundlage f\u00fcr die Datenverarbeitung ist Art. 6 Abs. 1 DSGVO, der die Verarbeitung von Daten zur Erf\u00fcllung eines Vertrags oder vorvertraglicher Ma\u00dfnahmen gestattet. Dar\u00fcber hinaus besteht gem. Art. 6 Abs. 1 DSGVO ein berechtigtes Interesse des Websitebetreibers und des Hosters, Daten \u00fcber Angriffe auf diese Website zu sammeln und eventuelle Lastspitzen zu ermitteln um auch zuk\u00fcnftig die Sicherheit und Stabilit\u00e4t dieser Website zu gew\u00e4hrleisten.<\/p>\n<p><strong>3.4 &nbsp;Erhebung von personenbezogenen Daten, Nutzung von (Kontakt-) Formularen<\/strong><\/p>\n<p>Wir beachten bei der Erhebung von personenbezogenen Daten den Grundsatz der Datenvermeidung und Datensparsamkeit, d. h. bei der Kontaktaufnahme, beispielsweise \u00fcber ein entsprechendes Formular, werden personenbezogene Daten nur im notwendigen Umfang erhoben und gespeichert.<\/p>\n<p>Wenn Sie uns per Kontaktformular Anfragen zukommen lassen, werden Ihre Angaben aus dem Anfrageformular inklusive der von Ihnen dort angegebenen Kontaktdaten zwecks Bearbeitung der Anfrage und f\u00fcr den Fall von Anschlussfragen bei uns gespeichert. Diese Daten geben wir nicht ohne Ihre Einwilligung weiter.<\/p>\n<p>Die Verarbeitung der in das Kontaktformular eingegebenen Daten erfolgt somit ausschlie\u00dflich auf Grundlage Ihrer Einwilligung (Art. 6 Abs. 1 lit. a DSGVO). Sie k\u00f6nnen diese Einwilligung jederzeit widerrufen. Dazu reicht eine formlose Mitteilung per E-Mail an <a href=\"mailto:info@landschaftsbau-schebitz.de\">info[at]landschaftsbau-schebitz.de<\/a>. Die Rechtm\u00e4\u00dfigkeit der bis zum Widerruf erfolgten Datenverarbeitungsvorg\u00e4nge bleibt vom Widerruf unber\u00fchrt.<\/p>\n<p>Die von Ihnen im Kontaktformular eingegebenen Daten verbleiben bei uns, bis Sie uns zur L\u00f6schung auffordern, Ihre Einwilligung zur Speicherung widerrufen oder der Zweck f\u00fcr die Datenspeicherung entf\u00e4llt (z.B. nach abgeschlossener Bearbeitung Ihrer Anfrage). Zwingende gesetzliche Bestimmungen \u2013 insbesondere Aufbewahrungsfristen \u2013 bleiben unber\u00fchrt.<\/p>\n<p><strong>4. Abschlie\u00dfende Hinweise<\/strong><\/p>\n<p><strong>Aktualit\u00e4t und \u00c4nderung dieser Datenschutzerkl\u00e4rung<\/strong><\/p>\n<p>Diese Datenschutzerkl\u00e4rung ist aktuell g\u00fcltig ab 25.05.2018.<\/p>\n<p>Wir behalten uns vor, diese Datenschutzerkl\u00e4rung an neue Gegebenheiten und ver\u00e4nderte Rahmenbedingungen (gesetzlicher oder tats\u00e4chlicher Natur) anzupassen. Die jeweils aktuelle Datenschutzerkl\u00e4rung k\u00f6nnen Sie jederzeit auf der Website abrufen und ausdrucken.<\/p>\n<p>&nbsp;<\/p>\n<p>&nbsp;<\/p>\n","protected":false},"excerpt":{"rendered":"<p>Diese Datenschutzerkl\u00e4rung regelt die Erhebung, Verarbeitung und Speicherung von Daten, die bei der Nutzung unserer Webseite anfallen. Wir beachten im Umgang mit den erhobenen Daten die g\u00fcltigen gesetzlichen Regelungen der Bundesrepublik Deutschland und der Europ\u00e4ischen Datenschutzgrundverordnung (DSGVO) sowie die nachfolgenden Verpflichtungen. 1.Datenschutz auf einen Blick Allgemeine Hinweise zur Datenerfassung auf dieser Website Die folgenden Hinweise [&hellip;]<\/p>\n","protected":false},"author":1,"featured_media":0,"parent":0,"menu_order":7,"comment_status":"closed","ping_status":"closed","template":"","meta":{"ngg_post_thumbnail":0},"_links":{"self":[{"href":"https:\/\/landschaftsbau-schebitz.de\/index.php?rest_route=\/wp\/v2\/pages\/525"}],"collection":[{"href":"https:\/\/landschaftsbau-schebitz.de\/index.php?rest_route=\/wp\/v2\/pages"}],"about":[{"href":"https:\/\/landschaftsbau-schebitz.de\/index.php?rest_route=\/wp\/v2\/types\/page"}],"author":[{"embeddable":true,"href":"https:\/\/landschaftsbau-schebitz.de\/index.php?rest_route=\/wp\/v2\/users\/1"}],"replies":[{"embeddable":true,"href":"https:\/\/landschaftsbau-schebitz.de\/index.php?rest_route=%2Fwp%2Fv2%2Fcomments&post=525"}],"version-history":[{"count":6,"href":"https:\/\/landschaftsbau-schebitz.de\/index.php?rest_route=\/wp\/v2\/pages\/525\/revisions"}],"predecessor-version":[{"id":531,"href":"https:\/\/landschaftsbau-schebitz.de\/index.php?rest_route=\/wp\/v2\/pages\/525\/revisions\/531"}],"wp:attachment":[{"href":"https:\/\/landschaftsbau-schebitz.de\/index.php?rest_route=%2Fwp%2Fv2%2Fmedia&parent=525"}],"curies":[{"name":"wp","href":"https:\/\/api.w.org\/{rel}","templated":true}]}}