{"id":14,"date":"2017-02-04T15:34:37","date_gmt":"2017-02-04T15:34:37","guid":{"rendered":"http:\/\/landschaftsbau-schebitz.de\/?page_id=14"},"modified":"2017-03-27T17:11:17","modified_gmt":"2017-03-27T17:11:17","slug":"aktuelles","status":"publish","type":"page","link":"https:\/\/landschaftsbau-schebitz.de\/","title":{"rendered":"Aktuelles"},"content":{"rendered":"<p>Die Firma Landschaftsbau Schebitz GmbH wurde von Heiko Schebitz gegr\u00fcndet und besteht als ein familiengef\u00fchrter Betrieb seit 1996 in M\u00fclsen Ortsteil St. Jacob. Im Mittelpunkt unserer T\u00e4tigkeiten steht das Planen, Gestalten und Pflegen von Freianlagen jeder Art. Ihren ganz pers\u00f6nlichen Traum von Ihrer Au\u00dfenanlage verwirklichen wir mit Sorgfalt, Kompetenz und Leidenschaft f\u00fcr Steine, Erden, Pflanzen, Wasser und allem, was man f\u00fcr einen Traumgarten braucht.<\/p>\n<p>Mit fachkundigen Mitarbeitern sowie einem leistungsf\u00e4higem Maschinen- und Ger\u00e4tepark sind wir f\u00fcr jede T\u00e4tigkeit bestens ausgestattet. Profitieren Sie von unserer langj\u00e4hrigen Erfahrung, unserem Fachwissen und \u00fcberzeugen Sie sich selbst von unserer Qualit\u00e4tsarbeit. Individuell und kundenorientiert planen wir Ihre Au\u00dfenanlagen \/ Garten (auch vor Ort), Ihr Firmengel\u00e4nde anhand von Muster und Vorschl\u00e4gen.&nbsp;Entsprechend Ihren W\u00fcnschen und Vorstellungen sind wir f\u00fcr Sie jederzeit gern t\u00e4tig.<\/p>\n<p>Kommend aus der Region Zwickau, steht Ihr Landschafts- und Gartenbau Schebitz f\u00fcr Sie auch dar\u00fcber hinaus in Glauchau, Meerane, Lichtenstein, Werdau, Wilkau, Kirchberg und Chemnitz zur Verf\u00fcgung.<\/p>\n<p>Gern vereinbaren wir einen Termin mit Ihnen. Rufen Sie uns an oder schicken uns eine E-Mail.<\/p>\n","protected":false},"excerpt":{"rendered":"<p>Die Firma Landschaftsbau Schebitz GmbH wurde von Heiko Schebitz gegr\u00fcndet und besteht als ein familiengef\u00fchrter Betrieb seit 1996 in M\u00fclsen Ortsteil St. Jacob. Im Mittelpunkt unserer T\u00e4tigkeiten steht das Planen, Gestalten und Pflegen von Freianlagen jeder Art. Ihren ganz pers\u00f6nlichen Traum von Ihrer Au\u00dfenanlage verwirklichen wir mit Sorgfalt, Kompetenz und Leidenschaft f\u00fcr Steine, Erden, Pflanzen, [&hellip;]<\/p>\n","protected":false},"author":1,"featured_media":400,"parent":0,"menu_order":1,"comment_status":"closed","ping_status":"closed","template":"","meta":{"ngg_post_thumbnail":0},"_links":{"self":[{"href":"https:\/\/landschaftsbau-schebitz.de\/index.php?rest_route=\/wp\/v2\/pages\/14"}],"collection":[{"href":"https:\/\/landschaftsbau-schebitz.de\/index.php?rest_route=\/wp\/v2\/pages"}],"about":[{"href":"https:\/\/landschaftsbau-schebitz.de\/index.php?rest_route=\/wp\/v2\/types\/page"}],"author":[{"embeddable":true,"href":"https:\/\/landschaftsbau-schebitz.de\/index.php?rest_route=\/wp\/v2\/users\/1"}],"replies":[{"embeddable":true,"href":"https:\/\/landschaftsbau-schebitz.de\/index.php?rest_route=%2Fwp%2Fv2%2Fcomments&post=14"}],"version-history":[{"count":12,"href":"https:\/\/landschaftsbau-schebitz.de\/index.php?rest_route=\/wp\/v2\/pages\/14\/revisions"}],"predecessor-version":[{"id":452,"href":"https:\/\/landschaftsbau-schebitz.de\/index.php?rest_route=\/wp\/v2\/pages\/14\/revisions\/452"}],"wp:featuredmedia":[{"embeddable":true,"href":"https:\/\/landschaftsbau-schebitz.de\/index.php?rest_route=\/wp\/v2\/media\/400"}],"wp:attachment":[{"href":"https:\/\/landschaftsbau-schebitz.de\/index.php?rest_route=%2Fwp%2Fv2%2Fmedia&parent=14"}],"curies":[{"name":"wp","href":"https:\/\/api.w.org\/{rel}","templated":true}]}}